{"id":155,"date":"2020-03-04T18:36:17","date_gmt":"2020-03-04T18:36:17","guid":{"rendered":"https:\/\/lesjardins.alsace\/?page_id=155"},"modified":"2020-03-04T20:19:09","modified_gmt":"2020-03-04T20:19:09","slug":"palatium-garten-d","status":"publish","type":"page","link":"https:\/\/lesjardins.alsace\/index.php\/palatium-garten-d\/","title":{"rendered":"Palatium Garten  (D)"},"content":{"rendered":"\n<p>Bienvenue dans le jardin \u00ab\u00a0Palatium Garten\u00a0\u00bb dans le sud de la Pfalz.<\/p>\n\n\n\n<p>Notre jardin a une superficie de 1200 m\u00b2dont 500m\u00b2 de pr\u00e9s.<\/p>\n\n\n\n<p> Les massifs idylliques sont d\u00e9limit\u00e9s avec d&rsquo;anciennes pierres en gr\u00e9s. Les roses grimpantes prennent leurs aises sur de vieux arbres. Les aromatiques, les herbes sauvages et les vivaces contribuent  \u00e0 la richesse botanique de notre paradis.<\/p>\n\n\n\n<p>Les roses, les plantes odorantes et aromatiques sont notre passion. Ces derni\u00e8res ann\u00e9es, plus de 10 sortes de roses ont \u00e9t\u00e9 plant\u00e9es. Les effluves du thym, du romarin, de la lavande et de la sauge participent \u00e0 l&rsquo;effet apaisant et reposant de notre jardin. <\/p>\n\n\n\n<p>Nous nous r\u00e9jouissons de pouvoir vous accueillir dans notre paradis qui s&rsquo;adresse \u00e0 tout le monde, que vous soyez passionn\u00e9s de jardins, de nature ou \u00e0 la recherche de calme.<\/p>\n\n\n\n<figure class=\"wp-block-gallery columns-1 is-cropped wp-block-gallery-1 is-layout-flex wp-block-gallery-is-layout-flex\"><ul class=\"blocks-gallery-grid\"><li class=\"blocks-gallery-item\"><figure><img loading=\"lazy\" decoding=\"async\" width=\"640\" height=\"350\" src=\"https:\/\/lesjardins.alsace\/wp-content\/uploads\/2020\/03\/Palatium.jpg\" alt=\"\" data-id=\"158\" data-full-url=\"https:\/\/lesjardins.alsace\/wp-content\/uploads\/2020\/03\/Palatium.jpg\" data-link=\"https:\/\/lesjardins.alsace\/?attachment_id=158\" class=\"wp-image-158\" srcset=\"https:\/\/lesjardins.alsace\/wp-content\/uploads\/2020\/03\/Palatium.jpg 640w, https:\/\/lesjardins.alsace\/wp-content\/uploads\/2020\/03\/Palatium-300x164.jpg 300w\" sizes=\"auto, (max-width: 640px) 100vw, 640px\" \/><\/figure><\/li><\/ul><\/figure>\n\n\n\n<p style=\"font-size:18px\"><strong>Ouvertures<\/strong><\/p>\n\n\n\n<p>En Mai, Juin, juillet : les vendredi samedi, et dimanche de 14H \u00e0 18H<br>En Aout, Septembre, sur rendez-vous. <br>Sur demande visite guid\u00e9e pour les groupes.<\/p>\n\n\n\n<p><strong>Tarif <\/strong><br>3.-\u20ac par personne<\/p>\n\n\n\n<div class=\"wp-block-columns is-layout-flex wp-container-core-columns-is-layout-9d6595d7 wp-block-columns-is-layout-flex\">\n<div class=\"wp-block-column is-layout-flow wp-block-column-is-layout-flow\" style=\"flex-basis:50%\">\n<p style=\"font-size:18px\"><strong>Adresse<\/strong><\/p>\n\n\n\n<p>Monika &amp; Peter Burg<br>H\u00f6felsstra\u00dfe 10<br>D-76889 Schweigen-Rechtenbach<\/p>\n<\/div>\n\n\n\n<div class=\"wp-block-column is-layout-flow wp-block-column-is-layout-flow\" style=\"flex-basis:50%\">\n<p style=\"font-size:18px\"><strong>Contact<\/strong><\/p>\n\n\n\n<p>T\u00e9l : +0049 (0)6342 919810<br>Email : <a href=\"mailto:palatium@t-online.de\">palatium@t-online.de<\/a><br><br><a href=\"https:\/\/www.pfalz-garten.de\/\" target=\"_blank\" rel=\"noreferrer noopener\" aria-label=\"\ufffc (s\u2019ouvre dans un nouvel onglet)\"><img loading=\"lazy\" decoding=\"async\" width=\"45\" height=\"45\" class=\"wp-image-196\" style=\"width: 45px;\" alt=\"\" src=\"https:\/\/lesjardins.alsace\/wp-content\/uploads\/2020\/03\/Internet-e1583352848202.jpg\"><\/a><br><a aria-label=\"\ufffc (s\u2019ouvre dans un nouvel onglet)\" rel=\"noreferrer noopener\" href=\"https:\/\/www.facebook.com\/monikaburg4\" target=\"_blank\"><img decoding=\"async\" class=\"wp-image-141\" style=\"width: 50px;\" alt=\"\" src=\"https:\/\/lesjardins.alsace\/wp-content\/uploads\/2020\/03\/Facebook.png\"><\/a><\/p>\n<\/div>\n<\/div>\n\n\n\n<p><\/p>\n","protected":false},"excerpt":{"rendered":"<p>Bienvenue dans le jardin \u00ab\u00a0Palatium Garten\u00a0\u00bb dans le sud de la Pfalz. Notre jardin a une superficie de 1200 m\u00b2dont 500m\u00b2 de pr\u00e9s. Les massifs idylliques sont d\u00e9limit\u00e9s avec d&rsquo;anciennes pierres en gr\u00e9s. Les roses grimpantes prennent leurs aises sur de vieux arbres. Les aromatiques, les herbes sauvages et les vivaces contribuent \u00e0 la richesse &hellip; <\/p>\n<p class=\"link-more\"><a href=\"https:\/\/lesjardins.alsace\/index.php\/palatium-garten-d\/\" class=\"more-link\">Continuer la lecture<span class=\"screen-reader-text\"> de &laquo;&nbsp;Palatium Garten  (D)&nbsp;&raquo;<\/span><\/a><\/p>\n","protected":false},"author":1,"featured_media":0,"parent":0,"menu_order":0,"comment_status":"closed","ping_status":"closed","template":"","meta":{"footnotes":""},"class_list":["post-155","page","type-page","status-publish","hentry"],"yoast_head":"<!-- This site is optimized with the Yoast SEO plugin v27.4 - https:\/\/yoast.com\/product\/yoast-seo-wordpress\/ -->\n<title>Palatium Garten (D) - Les jardins d&#039;Alsace<\/title>\n<meta name=\"description\" content=\"Romantique, d&#039;inspiration campagne anglaise, ce jardin propose de nombreux rosiers, hydrang\u00e9as, arbres, arbustes et vivaces avec de nombreuses associations de formes et de couleurs, des feuillages d\u00e9coup\u00e9s, pourpres, panach\u00e9s ou dor\u00e9s. Des structures en bois ou en m\u00e9tal ainsi qu&#039;un petit bassin rythment la promenade.\" \/>\n<meta name=\"robots\" content=\"index, follow, max-snippet:-1, max-image-preview:large, max-video-preview:-1\" \/>\n<link rel=\"canonical\" href=\"https:\/\/lesjardins.alsace\/index.php\/palatium-garten-d\/\" \/>\n<meta property=\"og:locale\" content=\"fr_FR\" \/>\n<meta property=\"og:type\" content=\"article\" \/>\n<meta property=\"og:title\" content=\"Palatium Garten (D) - Les jardins d&#039;Alsace\" \/>\n<meta property=\"og:description\" content=\"Romantique, d&#039;inspiration campagne anglaise, ce jardin propose de nombreux rosiers, hydrang\u00e9as, arbres, arbustes et vivaces avec de nombreuses associations de formes et de couleurs, des feuillages d\u00e9coup\u00e9s, pourpres, panach\u00e9s ou dor\u00e9s. Des structures en bois ou en m\u00e9tal ainsi qu&#039;un petit bassin rythment la promenade.\" \/>\n<meta property=\"og:url\" content=\"https:\/\/lesjardins.alsace\/index.php\/palatium-garten-d\/\" \/>\n<meta property=\"og:site_name\" content=\"Les jardins d&#039;Alsace\" \/>\n<meta property=\"article:modified_time\" content=\"2020-03-04T20:19:09+00:00\" \/>\n<meta property=\"og:image\" content=\"https:\/\/lesjardins.alsace\/wp-content\/uploads\/2020\/03\/Palatium.jpg\" \/>\n<meta name=\"twitter:card\" content=\"summary_large_image\" \/>\n<meta name=\"twitter:label1\" content=\"Dur\u00e9e de lecture estim\u00e9e\" \/>\n\t<meta name=\"twitter:data1\" content=\"1 minute\" \/>\n<script type=\"application\/ld+json\" class=\"yoast-schema-graph\">{\"@context\":\"https:\\\/\\\/schema.org\",\"@graph\":[{\"@type\":\"WebPage\",\"@id\":\"https:\\\/\\\/lesjardins.alsace\\\/index.php\\\/palatium-garten-d\\\/\",\"url\":\"https:\\\/\\\/lesjardins.alsace\\\/index.php\\\/palatium-garten-d\\\/\",\"name\":\"Palatium Garten (D) - Les jardins d&#039;Alsace\",\"isPartOf\":{\"@id\":\"https:\\\/\\\/lesjardins.alsace\\\/#website\"},\"primaryImageOfPage\":{\"@id\":\"https:\\\/\\\/lesjardins.alsace\\\/index.php\\\/palatium-garten-d\\\/#primaryimage\"},\"image\":{\"@id\":\"https:\\\/\\\/lesjardins.alsace\\\/index.php\\\/palatium-garten-d\\\/#primaryimage\"},\"thumbnailUrl\":\"https:\\\/\\\/lesjardins.alsace\\\/wp-content\\\/uploads\\\/2020\\\/03\\\/Palatium.jpg\",\"datePublished\":\"2020-03-04T18:36:17+00:00\",\"dateModified\":\"2020-03-04T20:19:09+00:00\",\"description\":\"Romantique, d'inspiration campagne anglaise, ce jardin propose de nombreux rosiers, hydrang\u00e9as, arbres, arbustes et vivaces avec de nombreuses associations de formes et de couleurs, des feuillages d\u00e9coup\u00e9s, pourpres, panach\u00e9s ou dor\u00e9s. Des structures en bois ou en m\u00e9tal ainsi qu'un petit bassin rythment la promenade.\",\"breadcrumb\":{\"@id\":\"https:\\\/\\\/lesjardins.alsace\\\/index.php\\\/palatium-garten-d\\\/#breadcrumb\"},\"inLanguage\":\"fr-FR\",\"potentialAction\":[{\"@type\":\"ReadAction\",\"target\":[\"https:\\\/\\\/lesjardins.alsace\\\/index.php\\\/palatium-garten-d\\\/\"]}]},{\"@type\":\"ImageObject\",\"inLanguage\":\"fr-FR\",\"@id\":\"https:\\\/\\\/lesjardins.alsace\\\/index.php\\\/palatium-garten-d\\\/#primaryimage\",\"url\":\"https:\\\/\\\/lesjardins.alsace\\\/wp-content\\\/uploads\\\/2020\\\/03\\\/Palatium.jpg\",\"contentUrl\":\"https:\\\/\\\/lesjardins.alsace\\\/wp-content\\\/uploads\\\/2020\\\/03\\\/Palatium.jpg\",\"width\":640,\"height\":350},{\"@type\":\"BreadcrumbList\",\"@id\":\"https:\\\/\\\/lesjardins.alsace\\\/index.php\\\/palatium-garten-d\\\/#breadcrumb\",\"itemListElement\":[{\"@type\":\"ListItem\",\"position\":1,\"name\":\"Home\",\"item\":\"https:\\\/\\\/lesjardins.alsace\\\/\"},{\"@type\":\"ListItem\",\"position\":2,\"name\":\"Palatium Garten (D)\"}]},{\"@type\":\"WebSite\",\"@id\":\"https:\\\/\\\/lesjardins.alsace\\\/#website\",\"url\":\"https:\\\/\\\/lesjardins.alsace\\\/\",\"name\":\"Les jardins d&#039;Alsace\",\"description\":\"Le plaisir des Jardins\",\"potentialAction\":[{\"@type\":\"SearchAction\",\"target\":{\"@type\":\"EntryPoint\",\"urlTemplate\":\"https:\\\/\\\/lesjardins.alsace\\\/?s={search_term_string}\"},\"query-input\":{\"@type\":\"PropertyValueSpecification\",\"valueRequired\":true,\"valueName\":\"search_term_string\"}}],\"inLanguage\":\"fr-FR\"}]}<\/script>\n<!-- \/ Yoast SEO plugin. -->","yoast_head_json":{"title":"Palatium Garten (D) - Les jardins d&#039;Alsace","description":"Romantique, d'inspiration campagne anglaise, ce jardin propose de nombreux rosiers, hydrang\u00e9as, arbres, arbustes et vivaces avec de nombreuses associations de formes et de couleurs, des feuillages d\u00e9coup\u00e9s, pourpres, panach\u00e9s ou dor\u00e9s. Des structures en bois ou en m\u00e9tal ainsi qu'un petit bassin rythment la promenade.","robots":{"index":"index","follow":"follow","max-snippet":"max-snippet:-1","max-image-preview":"max-image-preview:large","max-video-preview":"max-video-preview:-1"},"canonical":"https:\/\/lesjardins.alsace\/index.php\/palatium-garten-d\/","og_locale":"fr_FR","og_type":"article","og_title":"Palatium Garten (D) - Les jardins d&#039;Alsace","og_description":"Romantique, d'inspiration campagne anglaise, ce jardin propose de nombreux rosiers, hydrang\u00e9as, arbres, arbustes et vivaces avec de nombreuses associations de formes et de couleurs, des feuillages d\u00e9coup\u00e9s, pourpres, panach\u00e9s ou dor\u00e9s. Des structures en bois ou en m\u00e9tal ainsi qu'un petit bassin rythment la promenade.","og_url":"https:\/\/lesjardins.alsace\/index.php\/palatium-garten-d\/","og_site_name":"Les jardins d&#039;Alsace","article_modified_time":"2020-03-04T20:19:09+00:00","og_image":[{"url":"https:\/\/lesjardins.alsace\/wp-content\/uploads\/2020\/03\/Palatium.jpg","type":"","width":"","height":""}],"twitter_card":"summary_large_image","twitter_misc":{"Dur\u00e9e de lecture estim\u00e9e":"1 minute"},"schema":{"@context":"https:\/\/schema.org","@graph":[{"@type":"WebPage","@id":"https:\/\/lesjardins.alsace\/index.php\/palatium-garten-d\/","url":"https:\/\/lesjardins.alsace\/index.php\/palatium-garten-d\/","name":"Palatium Garten (D) - Les jardins d&#039;Alsace","isPartOf":{"@id":"https:\/\/lesjardins.alsace\/#website"},"primaryImageOfPage":{"@id":"https:\/\/lesjardins.alsace\/index.php\/palatium-garten-d\/#primaryimage"},"image":{"@id":"https:\/\/lesjardins.alsace\/index.php\/palatium-garten-d\/#primaryimage"},"thumbnailUrl":"https:\/\/lesjardins.alsace\/wp-content\/uploads\/2020\/03\/Palatium.jpg","datePublished":"2020-03-04T18:36:17+00:00","dateModified":"2020-03-04T20:19:09+00:00","description":"Romantique, d'inspiration campagne anglaise, ce jardin propose de nombreux rosiers, hydrang\u00e9as, arbres, arbustes et vivaces avec de nombreuses associations de formes et de couleurs, des feuillages d\u00e9coup\u00e9s, pourpres, panach\u00e9s ou dor\u00e9s. Des structures en bois ou en m\u00e9tal ainsi qu'un petit bassin rythment la promenade.","breadcrumb":{"@id":"https:\/\/lesjardins.alsace\/index.php\/palatium-garten-d\/#breadcrumb"},"inLanguage":"fr-FR","potentialAction":[{"@type":"ReadAction","target":["https:\/\/lesjardins.alsace\/index.php\/palatium-garten-d\/"]}]},{"@type":"ImageObject","inLanguage":"fr-FR","@id":"https:\/\/lesjardins.alsace\/index.php\/palatium-garten-d\/#primaryimage","url":"https:\/\/lesjardins.alsace\/wp-content\/uploads\/2020\/03\/Palatium.jpg","contentUrl":"https:\/\/lesjardins.alsace\/wp-content\/uploads\/2020\/03\/Palatium.jpg","width":640,"height":350},{"@type":"BreadcrumbList","@id":"https:\/\/lesjardins.alsace\/index.php\/palatium-garten-d\/#breadcrumb","itemListElement":[{"@type":"ListItem","position":1,"name":"Home","item":"https:\/\/lesjardins.alsace\/"},{"@type":"ListItem","position":2,"name":"Palatium Garten (D)"}]},{"@type":"WebSite","@id":"https:\/\/lesjardins.alsace\/#website","url":"https:\/\/lesjardins.alsace\/","name":"Les jardins d&#039;Alsace","description":"Le plaisir des Jardins","potentialAction":[{"@type":"SearchAction","target":{"@type":"EntryPoint","urlTemplate":"https:\/\/lesjardins.alsace\/?s={search_term_string}"},"query-input":{"@type":"PropertyValueSpecification","valueRequired":true,"valueName":"search_term_string"}}],"inLanguage":"fr-FR"}]}},"jetpack_sharing_enabled":true,"_links":{"self":[{"href":"https:\/\/lesjardins.alsace\/index.php\/wp-json\/wp\/v2\/pages\/155","targetHints":{"allow":["GET"]}}],"collection":[{"href":"https:\/\/lesjardins.alsace\/index.php\/wp-json\/wp\/v2\/pages"}],"about":[{"href":"https:\/\/lesjardins.alsace\/index.php\/wp-json\/wp\/v2\/types\/page"}],"author":[{"embeddable":true,"href":"https:\/\/lesjardins.alsace\/index.php\/wp-json\/wp\/v2\/users\/1"}],"replies":[{"embeddable":true,"href":"https:\/\/lesjardins.alsace\/index.php\/wp-json\/wp\/v2\/comments?post=155"}],"version-history":[{"count":10,"href":"https:\/\/lesjardins.alsace\/index.php\/wp-json\/wp\/v2\/pages\/155\/revisions"}],"predecessor-version":[{"id":208,"href":"https:\/\/lesjardins.alsace\/index.php\/wp-json\/wp\/v2\/pages\/155\/revisions\/208"}],"wp:attachment":[{"href":"https:\/\/lesjardins.alsace\/index.php\/wp-json\/wp\/v2\/media?parent=155"}],"curies":[{"name":"wp","href":"https:\/\/api.w.org\/{rel}","templated":true}]}}