{"id":2,"date":"2019-10-29T14:38:07","date_gmt":"2019-10-29T14:38:07","guid":{"rendered":"https:\/\/lesjardins.alsace\/?page_id=2"},"modified":"2020-03-04T19:59:31","modified_gmt":"2020-03-04T19:59:31","slug":"sample-page","status":"publish","type":"page","link":"https:\/\/lesjardins.alsace\/","title":{"rendered":"Les Jardins d&rsquo;Alsace"},"content":{"rendered":"\n<p>Passionn\u00e9 de nature et de jardins j&rsquo;ai cr\u00e9\u00e9 ce site pour permettre aux propri\u00e9taires de jardins de partager leurs petits paradis.<br>Vous trouverez ici les coordonn\u00e9es de ces jardins pour pouvoir les d\u00e9couvrir.<\/p>\n\n\n\n<p class=\"has-text-align-center\"><br>Als leidenschaftlicher Liebhaber von Natur und G\u00e4rten habe ich diese Internetseite er\u00f6ffnet damit hier die Besitzer von privat G\u00e4rten ihre kleine Paradies teilen k\u00f6nnen.\u00a0 <br>Ihr werdet hier die Koordinaten dieser G\u00e4rten finden damit ihr sie entdecken k\u00f6nnt. <br><br><a aria-label=\"\ufffc (s\u2019ouvre dans un nouvel onglet)\" rel=\"noreferrer noopener\" href=\"https:\/\/www.facebook.com\/Les-Jardins-dAlsace-104013154377684\/?modal=admin_todo_tour\" target=\"_blank\"><img loading=\"lazy\" decoding=\"async\" width=\"50\" height=\"50\" class=\"wp-image-141\" style=\"width: 50px;\" alt=\"\" src=\"https:\/\/lesjardins.alsace\/wp-content\/uploads\/2020\/03\/Facebook-e1583348142391.png\"><\/a><\/p>\n","protected":false},"excerpt":{"rendered":"<p>Passionn\u00e9 de nature et de jardins j&rsquo;ai cr\u00e9\u00e9 ce site pour permettre aux propri\u00e9taires de jardins de partager leurs petits paradis.Vous trouverez ici les coordonn\u00e9es de ces jardins pour pouvoir les d\u00e9couvrir. Als leidenschaftlicher Liebhaber von Natur und G\u00e4rten habe ich diese Internetseite er\u00f6ffnet damit hier die Besitzer von privat G\u00e4rten ihre kleine Paradies teilen &hellip; <\/p>\n<p class=\"link-more\"><a href=\"https:\/\/lesjardins.alsace\/\" class=\"more-link\">Continuer la lecture<span class=\"screen-reader-text\"> de &laquo;&nbsp;Les Jardins d&rsquo;Alsace&nbsp;&raquo;<\/span><\/a><\/p>\n","protected":false},"author":1,"featured_media":0,"parent":0,"menu_order":0,"comment_status":"closed","ping_status":"closed","template":"","meta":{"footnotes":""},"class_list":["post-2","page","type-page","status-publish","hentry"],"yoast_head":"<!-- This site is optimized with the Yoast SEO plugin v27.4 - https:\/\/yoast.com\/product\/yoast-seo-wordpress\/ -->\n<title>- Les jardins d&#039;Alsace<\/title>\n<meta name=\"description\" content=\"Les jardins d&#039;Alsace, visite jardin, jardin anglais, jardin japonais, jardin botanique, jardin paysager, fleurs, erables, pivoines, roses, hortensias,calme, nature,zen, arbres,repos,bassins,kois\" \/>\n<meta name=\"robots\" content=\"index, follow, max-snippet:-1, max-image-preview:large, max-video-preview:-1\" \/>\n<link rel=\"canonical\" href=\"https:\/\/lesjardins.alsace\/\" \/>\n<meta property=\"og:locale\" content=\"fr_FR\" \/>\n<meta property=\"og:type\" content=\"article\" \/>\n<meta property=\"og:title\" content=\"- Les jardins d&#039;Alsace\" \/>\n<meta property=\"og:description\" content=\"Les jardins d&#039;Alsace, visite jardin, jardin anglais, jardin japonais, jardin botanique, jardin paysager, fleurs, erables, pivoines, roses, hortensias,calme, nature,zen, arbres,repos,bassins,kois\" \/>\n<meta property=\"og:url\" content=\"https:\/\/lesjardins.alsace\/\" \/>\n<meta property=\"og:site_name\" content=\"Les jardins d&#039;Alsace\" \/>\n<meta property=\"article:modified_time\" content=\"2020-03-04T19:59:31+00:00\" \/>\n<meta property=\"og:image\" content=\"https:\/\/lesjardins.alsace\/wp-content\/uploads\/2020\/03\/Facebook-e1583348142391.png\" \/>\n<meta name=\"twitter:card\" content=\"summary_large_image\" \/>\n<script type=\"application\/ld+json\" class=\"yoast-schema-graph\">{\"@context\":\"https:\\\/\\\/schema.org\",\"@graph\":[{\"@type\":\"WebPage\",\"@id\":\"https:\\\/\\\/lesjardins.alsace\\\/\",\"url\":\"https:\\\/\\\/lesjardins.alsace\\\/\",\"name\":\"- Les jardins d&#039;Alsace\",\"isPartOf\":{\"@id\":\"https:\\\/\\\/lesjardins.alsace\\\/#website\"},\"primaryImageOfPage\":{\"@id\":\"https:\\\/\\\/lesjardins.alsace\\\/#primaryimage\"},\"image\":{\"@id\":\"https:\\\/\\\/lesjardins.alsace\\\/#primaryimage\"},\"thumbnailUrl\":\"https:\\\/\\\/lesjardins.alsace\\\/wp-content\\\/uploads\\\/2020\\\/03\\\/Facebook-e1583348142391.png\",\"datePublished\":\"2019-10-29T14:38:07+00:00\",\"dateModified\":\"2020-03-04T19:59:31+00:00\",\"description\":\"Les jardins d'Alsace, visite jardin, jardin anglais, jardin japonais, jardin botanique, jardin paysager, fleurs, erables, pivoines, roses, hortensias,calme, nature,zen, arbres,repos,bassins,kois\",\"breadcrumb\":{\"@id\":\"https:\\\/\\\/lesjardins.alsace\\\/#breadcrumb\"},\"inLanguage\":\"fr-FR\",\"potentialAction\":[{\"@type\":\"ReadAction\",\"target\":[\"https:\\\/\\\/lesjardins.alsace\\\/\"]}]},{\"@type\":\"ImageObject\",\"inLanguage\":\"fr-FR\",\"@id\":\"https:\\\/\\\/lesjardins.alsace\\\/#primaryimage\",\"url\":\"https:\\\/\\\/lesjardins.alsace\\\/wp-content\\\/uploads\\\/2020\\\/03\\\/Facebook-e1583348142391.png\",\"contentUrl\":\"https:\\\/\\\/lesjardins.alsace\\\/wp-content\\\/uploads\\\/2020\\\/03\\\/Facebook-e1583348142391.png\",\"width\":50,\"height\":50},{\"@type\":\"BreadcrumbList\",\"@id\":\"https:\\\/\\\/lesjardins.alsace\\\/#breadcrumb\",\"itemListElement\":[{\"@type\":\"ListItem\",\"position\":1,\"name\":\"Home\",\"item\":\"https:\\\/\\\/lesjardins.alsace\\\/\"},{\"@type\":\"ListItem\",\"position\":2,\"name\":\"Les Jardins d&rsquo;Alsace\"}]},{\"@type\":\"WebSite\",\"@id\":\"https:\\\/\\\/lesjardins.alsace\\\/#website\",\"url\":\"https:\\\/\\\/lesjardins.alsace\\\/\",\"name\":\"Les jardins d&#039;Alsace\",\"description\":\"Le plaisir des Jardins\",\"potentialAction\":[{\"@type\":\"SearchAction\",\"target\":{\"@type\":\"EntryPoint\",\"urlTemplate\":\"https:\\\/\\\/lesjardins.alsace\\\/?s={search_term_string}\"},\"query-input\":{\"@type\":\"PropertyValueSpecification\",\"valueRequired\":true,\"valueName\":\"search_term_string\"}}],\"inLanguage\":\"fr-FR\"}]}<\/script>\n<!-- \/ Yoast SEO plugin. -->","yoast_head_json":{"title":"- Les jardins d&#039;Alsace","description":"Les jardins d'Alsace, visite jardin, jardin anglais, jardin japonais, jardin botanique, jardin paysager, fleurs, erables, pivoines, roses, hortensias,calme, nature,zen, arbres,repos,bassins,kois","robots":{"index":"index","follow":"follow","max-snippet":"max-snippet:-1","max-image-preview":"max-image-preview:large","max-video-preview":"max-video-preview:-1"},"canonical":"https:\/\/lesjardins.alsace\/","og_locale":"fr_FR","og_type":"article","og_title":"- Les jardins d&#039;Alsace","og_description":"Les jardins d'Alsace, visite jardin, jardin anglais, jardin japonais, jardin botanique, jardin paysager, fleurs, erables, pivoines, roses, hortensias,calme, nature,zen, arbres,repos,bassins,kois","og_url":"https:\/\/lesjardins.alsace\/","og_site_name":"Les jardins d&#039;Alsace","article_modified_time":"2020-03-04T19:59:31+00:00","og_image":[{"url":"https:\/\/lesjardins.alsace\/wp-content\/uploads\/2020\/03\/Facebook-e1583348142391.png","type":"","width":"","height":""}],"twitter_card":"summary_large_image","schema":{"@context":"https:\/\/schema.org","@graph":[{"@type":"WebPage","@id":"https:\/\/lesjardins.alsace\/","url":"https:\/\/lesjardins.alsace\/","name":"- Les jardins d&#039;Alsace","isPartOf":{"@id":"https:\/\/lesjardins.alsace\/#website"},"primaryImageOfPage":{"@id":"https:\/\/lesjardins.alsace\/#primaryimage"},"image":{"@id":"https:\/\/lesjardins.alsace\/#primaryimage"},"thumbnailUrl":"https:\/\/lesjardins.alsace\/wp-content\/uploads\/2020\/03\/Facebook-e1583348142391.png","datePublished":"2019-10-29T14:38:07+00:00","dateModified":"2020-03-04T19:59:31+00:00","description":"Les jardins d'Alsace, visite jardin, jardin anglais, jardin japonais, jardin botanique, jardin paysager, fleurs, erables, pivoines, roses, hortensias,calme, nature,zen, arbres,repos,bassins,kois","breadcrumb":{"@id":"https:\/\/lesjardins.alsace\/#breadcrumb"},"inLanguage":"fr-FR","potentialAction":[{"@type":"ReadAction","target":["https:\/\/lesjardins.alsace\/"]}]},{"@type":"ImageObject","inLanguage":"fr-FR","@id":"https:\/\/lesjardins.alsace\/#primaryimage","url":"https:\/\/lesjardins.alsace\/wp-content\/uploads\/2020\/03\/Facebook-e1583348142391.png","contentUrl":"https:\/\/lesjardins.alsace\/wp-content\/uploads\/2020\/03\/Facebook-e1583348142391.png","width":50,"height":50},{"@type":"BreadcrumbList","@id":"https:\/\/lesjardins.alsace\/#breadcrumb","itemListElement":[{"@type":"ListItem","position":1,"name":"Home","item":"https:\/\/lesjardins.alsace\/"},{"@type":"ListItem","position":2,"name":"Les Jardins d&rsquo;Alsace"}]},{"@type":"WebSite","@id":"https:\/\/lesjardins.alsace\/#website","url":"https:\/\/lesjardins.alsace\/","name":"Les jardins d&#039;Alsace","description":"Le plaisir des Jardins","potentialAction":[{"@type":"SearchAction","target":{"@type":"EntryPoint","urlTemplate":"https:\/\/lesjardins.alsace\/?s={search_term_string}"},"query-input":{"@type":"PropertyValueSpecification","valueRequired":true,"valueName":"search_term_string"}}],"inLanguage":"fr-FR"}]}},"jetpack_sharing_enabled":true,"_links":{"self":[{"href":"https:\/\/lesjardins.alsace\/index.php\/wp-json\/wp\/v2\/pages\/2","targetHints":{"allow":["GET"]}}],"collection":[{"href":"https:\/\/lesjardins.alsace\/index.php\/wp-json\/wp\/v2\/pages"}],"about":[{"href":"https:\/\/lesjardins.alsace\/index.php\/wp-json\/wp\/v2\/types\/page"}],"author":[{"embeddable":true,"href":"https:\/\/lesjardins.alsace\/index.php\/wp-json\/wp\/v2\/users\/1"}],"replies":[{"embeddable":true,"href":"https:\/\/lesjardins.alsace\/index.php\/wp-json\/wp\/v2\/comments?post=2"}],"version-history":[{"count":15,"href":"https:\/\/lesjardins.alsace\/index.php\/wp-json\/wp\/v2\/pages\/2\/revisions"}],"predecessor-version":[{"id":188,"href":"https:\/\/lesjardins.alsace\/index.php\/wp-json\/wp\/v2\/pages\/2\/revisions\/188"}],"wp:attachment":[{"href":"https:\/\/lesjardins.alsace\/index.php\/wp-json\/wp\/v2\/media?parent=2"}],"curies":[{"name":"wp","href":"https:\/\/api.w.org\/{rel}","templated":true}]}}