{"id":37,"date":"2019-10-30T09:54:21","date_gmt":"2019-10-30T09:54:21","guid":{"rendered":"https:\/\/lesjardins.alsace\/?page_id=37"},"modified":"2020-03-04T19:42:19","modified_gmt":"2020-03-04T19:42:19","slug":"farandole-pour-un-curieux","status":"publish","type":"page","link":"https:\/\/lesjardins.alsace\/index.php\/farandole-pour-un-curieux\/","title":{"rendered":"Farandole pour un curieux    (F)"},"content":{"rendered":"\n<p>Romantique, d&rsquo;inspiration campagne anglaise, ce jardin sur 1700m\u00b2propose de nombreux rosiers, hydrang\u00e9as, arbres, arbustes et vivaces avec de nombreuses associations de formes et de couleurs, des feuillages d\u00e9coup\u00e9s, pourpres, panach\u00e9s ou dor\u00e9s. Des structures en bois ou en m\u00e9tal ainsi qu&rsquo;un petit bassin rythment la promenade.<\/p>\n\n\n\n<figure class=\"wp-block-image size-large\"><img loading=\"lazy\" decoding=\"async\" width=\"498\" height=\"1024\" src=\"https:\/\/lesjardins.alsace\/wp-content\/uploads\/2020\/01\/Farandole-pour-un-curieux2b-498x1024.jpg\" alt=\"\" class=\"wp-image-90\" srcset=\"https:\/\/lesjardins.alsace\/wp-content\/uploads\/2020\/01\/Farandole-pour-un-curieux2b-498x1024.jpg 498w, https:\/\/lesjardins.alsace\/wp-content\/uploads\/2020\/01\/Farandole-pour-un-curieux2b-146x300.jpg 146w, https:\/\/lesjardins.alsace\/wp-content\/uploads\/2020\/01\/Farandole-pour-un-curieux2b-768x1580.jpg 768w, https:\/\/lesjardins.alsace\/wp-content\/uploads\/2020\/01\/Farandole-pour-un-curieux2b-747x1536.jpg 747w, https:\/\/lesjardins.alsace\/wp-content\/uploads\/2020\/01\/Farandole-pour-un-curieux2b-996x2048.jpg 996w, https:\/\/lesjardins.alsace\/wp-content\/uploads\/2020\/01\/Farandole-pour-un-curieux2b-scaled.jpg 1244w\" sizes=\"auto, (max-width: 498px) 100vw, 498px\" \/><\/figure>\n\n\n\n<p style=\"font-size:18px\"><strong>Ouvertures<\/strong><\/p>\n\n\n\n<p>Du 16\/05\/2020 au 18\/09\/2020, du lundi au samedi, de 10h \u00e0 18h, sur RDV<\/p>\n\n\n\n<p style=\"font-size:18px\"><strong>Tarif <\/strong><\/p>\n\n\n\n<p>2.-\u20ac Gratuit pour les moins de 12 ans<\/p>\n\n\n\n<div class=\"wp-block-columns is-layout-flex wp-container-core-columns-is-layout-9d6595d7 wp-block-columns-is-layout-flex\">\n<div class=\"wp-block-column is-layout-flow wp-block-column-is-layout-flow\" style=\"flex-basis:50%\">\n<p style=\"font-size:18px\"><strong>Adresse<\/strong><\/p>\n\n\n\n<p>Regine et Emmanuel RODRIGUEZ<br>9 rue de Marienthal<br>67240 BISCHWILLER<\/p>\n<\/div>\n\n\n\n<div class=\"wp-block-column is-layout-flow wp-block-column-is-layout-flow\" style=\"flex-basis:50%\">\n<p style=\"font-size:18px\"><strong>Contact<\/strong><\/p>\n\n\n\n<p>T\u00e9l : +33 (0)6 03 50 81 62<br>Email : reginerodrigues@aol.com  <br> <br> <a href=\"https:\/\/www.facebook.com\/Farandole-pour-un-curieux-114664696625348\/?epa=SEARCH_BOX\" target=\"_blank\" rel=\"noreferrer noopener\" aria-label=\"\ufffc (s\u2019ouvre dans un nouvel onglet)\"><img loading=\"lazy\" decoding=\"async\" width=\"50\" height=\"50\" class=\"wp-image-141\" style=\"width: 50px;\" alt=\"\" src=\"https:\/\/lesjardins.alsace\/wp-content\/uploads\/2020\/03\/Facebook-e1583348142391.png\"><\/a><\/p>\n<\/div>\n<\/div>\n","protected":false},"excerpt":{"rendered":"<p>Romantique, d&rsquo;inspiration campagne anglaise, ce jardin sur 1700m\u00b2propose de nombreux rosiers, hydrang\u00e9as, arbres, arbustes et vivaces avec de nombreuses associations de formes et de couleurs, des feuillages d\u00e9coup\u00e9s, pourpres, panach\u00e9s ou dor\u00e9s. Des structures en bois ou en m\u00e9tal ainsi qu&rsquo;un petit bassin rythment la promenade. Ouvertures Du 16\/05\/2020 au 18\/09\/2020, du lundi au samedi, &hellip; <\/p>\n<p class=\"link-more\"><a href=\"https:\/\/lesjardins.alsace\/index.php\/farandole-pour-un-curieux\/\" class=\"more-link\">Continuer la lecture<span class=\"screen-reader-text\"> de &laquo;&nbsp;Farandole pour un curieux    (F)&nbsp;&raquo;<\/span><\/a><\/p>\n","protected":false},"author":1,"featured_media":141,"parent":0,"menu_order":0,"comment_status":"closed","ping_status":"closed","template":"","meta":{"footnotes":""},"class_list":["post-37","page","type-page","status-publish","has-post-thumbnail","hentry"],"yoast_head":"<!-- This site is optimized with the Yoast SEO plugin v27.4 - https:\/\/yoast.com\/product\/yoast-seo-wordpress\/ -->\n<title>Farandole pour un curieux  (F) - Les jardins d&#039;Alsace<\/title>\n<meta name=\"description\" content=\"Romantique, d&#039;inspiration campagne anglaise, ce jardin propose de nombreux rosiers, hydrang\u00e9as, arbres, arbustes et vivaces avec de nombreuses associations de formes et de couleurs, des feuillages d\u00e9coup\u00e9s, pourpres, panach\u00e9s ou dor\u00e9s. Des structures en bois ou en m\u00e9tal ainsi qu&#039;un petit bassin rythment la promenade.\" \/>\n<meta name=\"robots\" content=\"index, follow, max-snippet:-1, max-image-preview:large, max-video-preview:-1\" \/>\n<link rel=\"canonical\" href=\"https:\/\/lesjardins.alsace\/index.php\/farandole-pour-un-curieux\/\" \/>\n<meta property=\"og:locale\" content=\"fr_FR\" \/>\n<meta property=\"og:type\" content=\"article\" \/>\n<meta property=\"og:title\" content=\"Farandole pour un curieux  (F) - Les jardins d&#039;Alsace\" \/>\n<meta property=\"og:description\" content=\"Romantique, d&#039;inspiration campagne anglaise, ce jardin propose de nombreux rosiers, hydrang\u00e9as, arbres, arbustes et vivaces avec de nombreuses associations de formes et de couleurs, des feuillages d\u00e9coup\u00e9s, pourpres, panach\u00e9s ou dor\u00e9s. Des structures en bois ou en m\u00e9tal ainsi qu&#039;un petit bassin rythment la promenade.\" \/>\n<meta property=\"og:url\" content=\"https:\/\/lesjardins.alsace\/index.php\/farandole-pour-un-curieux\/\" \/>\n<meta property=\"og:site_name\" content=\"Les jardins d&#039;Alsace\" \/>\n<meta property=\"article:modified_time\" content=\"2020-03-04T19:42:19+00:00\" \/>\n<meta property=\"og:image\" content=\"https:\/\/lesjardins.alsace\/wp-content\/uploads\/2020\/03\/Facebook-e1583348142391.png\" \/>\n\t<meta property=\"og:image:width\" content=\"50\" \/>\n\t<meta property=\"og:image:height\" content=\"50\" \/>\n\t<meta property=\"og:image:type\" content=\"image\/png\" \/>\n<meta name=\"twitter:card\" content=\"summary_large_image\" \/>\n<script type=\"application\/ld+json\" class=\"yoast-schema-graph\">{\"@context\":\"https:\\\/\\\/schema.org\",\"@graph\":[{\"@type\":\"WebPage\",\"@id\":\"https:\\\/\\\/lesjardins.alsace\\\/index.php\\\/farandole-pour-un-curieux\\\/\",\"url\":\"https:\\\/\\\/lesjardins.alsace\\\/index.php\\\/farandole-pour-un-curieux\\\/\",\"name\":\"Farandole pour un curieux (F) - Les jardins d&#039;Alsace\",\"isPartOf\":{\"@id\":\"https:\\\/\\\/lesjardins.alsace\\\/#website\"},\"primaryImageOfPage\":{\"@id\":\"https:\\\/\\\/lesjardins.alsace\\\/index.php\\\/farandole-pour-un-curieux\\\/#primaryimage\"},\"image\":{\"@id\":\"https:\\\/\\\/lesjardins.alsace\\\/index.php\\\/farandole-pour-un-curieux\\\/#primaryimage\"},\"thumbnailUrl\":\"https:\\\/\\\/lesjardins.alsace\\\/wp-content\\\/uploads\\\/2020\\\/03\\\/Facebook-e1583348142391.png\",\"datePublished\":\"2019-10-30T09:54:21+00:00\",\"dateModified\":\"2020-03-04T19:42:19+00:00\",\"description\":\"Romantique, d'inspiration campagne anglaise, ce jardin propose de nombreux rosiers, hydrang\u00e9as, arbres, arbustes et vivaces avec de nombreuses associations de formes et de couleurs, des feuillages d\u00e9coup\u00e9s, pourpres, panach\u00e9s ou dor\u00e9s. Des structures en bois ou en m\u00e9tal ainsi qu'un petit bassin rythment la promenade.\",\"breadcrumb\":{\"@id\":\"https:\\\/\\\/lesjardins.alsace\\\/index.php\\\/farandole-pour-un-curieux\\\/#breadcrumb\"},\"inLanguage\":\"fr-FR\",\"potentialAction\":[{\"@type\":\"ReadAction\",\"target\":[\"https:\\\/\\\/lesjardins.alsace\\\/index.php\\\/farandole-pour-un-curieux\\\/\"]}]},{\"@type\":\"ImageObject\",\"inLanguage\":\"fr-FR\",\"@id\":\"https:\\\/\\\/lesjardins.alsace\\\/index.php\\\/farandole-pour-un-curieux\\\/#primaryimage\",\"url\":\"https:\\\/\\\/lesjardins.alsace\\\/wp-content\\\/uploads\\\/2020\\\/03\\\/Facebook-e1583348142391.png\",\"contentUrl\":\"https:\\\/\\\/lesjardins.alsace\\\/wp-content\\\/uploads\\\/2020\\\/03\\\/Facebook-e1583348142391.png\",\"width\":50,\"height\":50},{\"@type\":\"BreadcrumbList\",\"@id\":\"https:\\\/\\\/lesjardins.alsace\\\/index.php\\\/farandole-pour-un-curieux\\\/#breadcrumb\",\"itemListElement\":[{\"@type\":\"ListItem\",\"position\":1,\"name\":\"Home\",\"item\":\"https:\\\/\\\/lesjardins.alsace\\\/\"},{\"@type\":\"ListItem\",\"position\":2,\"name\":\"Farandole pour un curieux (F)\"}]},{\"@type\":\"WebSite\",\"@id\":\"https:\\\/\\\/lesjardins.alsace\\\/#website\",\"url\":\"https:\\\/\\\/lesjardins.alsace\\\/\",\"name\":\"Les jardins d&#039;Alsace\",\"description\":\"Le plaisir des Jardins\",\"potentialAction\":[{\"@type\":\"SearchAction\",\"target\":{\"@type\":\"EntryPoint\",\"urlTemplate\":\"https:\\\/\\\/lesjardins.alsace\\\/?s={search_term_string}\"},\"query-input\":{\"@type\":\"PropertyValueSpecification\",\"valueRequired\":true,\"valueName\":\"search_term_string\"}}],\"inLanguage\":\"fr-FR\"}]}<\/script>\n<!-- \/ Yoast SEO plugin. -->","yoast_head_json":{"title":"Farandole pour un curieux  (F) - Les jardins d&#039;Alsace","description":"Romantique, d'inspiration campagne anglaise, ce jardin propose de nombreux rosiers, hydrang\u00e9as, arbres, arbustes et vivaces avec de nombreuses associations de formes et de couleurs, des feuillages d\u00e9coup\u00e9s, pourpres, panach\u00e9s ou dor\u00e9s. Des structures en bois ou en m\u00e9tal ainsi qu'un petit bassin rythment la promenade.","robots":{"index":"index","follow":"follow","max-snippet":"max-snippet:-1","max-image-preview":"max-image-preview:large","max-video-preview":"max-video-preview:-1"},"canonical":"https:\/\/lesjardins.alsace\/index.php\/farandole-pour-un-curieux\/","og_locale":"fr_FR","og_type":"article","og_title":"Farandole pour un curieux  (F) - Les jardins d&#039;Alsace","og_description":"Romantique, d'inspiration campagne anglaise, ce jardin propose de nombreux rosiers, hydrang\u00e9as, arbres, arbustes et vivaces avec de nombreuses associations de formes et de couleurs, des feuillages d\u00e9coup\u00e9s, pourpres, panach\u00e9s ou dor\u00e9s. Des structures en bois ou en m\u00e9tal ainsi qu'un petit bassin rythment la promenade.","og_url":"https:\/\/lesjardins.alsace\/index.php\/farandole-pour-un-curieux\/","og_site_name":"Les jardins d&#039;Alsace","article_modified_time":"2020-03-04T19:42:19+00:00","og_image":[{"width":50,"height":50,"url":"https:\/\/lesjardins.alsace\/wp-content\/uploads\/2020\/03\/Facebook-e1583348142391.png","type":"image\/png"}],"twitter_card":"summary_large_image","schema":{"@context":"https:\/\/schema.org","@graph":[{"@type":"WebPage","@id":"https:\/\/lesjardins.alsace\/index.php\/farandole-pour-un-curieux\/","url":"https:\/\/lesjardins.alsace\/index.php\/farandole-pour-un-curieux\/","name":"Farandole pour un curieux (F) - Les jardins d&#039;Alsace","isPartOf":{"@id":"https:\/\/lesjardins.alsace\/#website"},"primaryImageOfPage":{"@id":"https:\/\/lesjardins.alsace\/index.php\/farandole-pour-un-curieux\/#primaryimage"},"image":{"@id":"https:\/\/lesjardins.alsace\/index.php\/farandole-pour-un-curieux\/#primaryimage"},"thumbnailUrl":"https:\/\/lesjardins.alsace\/wp-content\/uploads\/2020\/03\/Facebook-e1583348142391.png","datePublished":"2019-10-30T09:54:21+00:00","dateModified":"2020-03-04T19:42:19+00:00","description":"Romantique, d'inspiration campagne anglaise, ce jardin propose de nombreux rosiers, hydrang\u00e9as, arbres, arbustes et vivaces avec de nombreuses associations de formes et de couleurs, des feuillages d\u00e9coup\u00e9s, pourpres, panach\u00e9s ou dor\u00e9s. Des structures en bois ou en m\u00e9tal ainsi qu'un petit bassin rythment la promenade.","breadcrumb":{"@id":"https:\/\/lesjardins.alsace\/index.php\/farandole-pour-un-curieux\/#breadcrumb"},"inLanguage":"fr-FR","potentialAction":[{"@type":"ReadAction","target":["https:\/\/lesjardins.alsace\/index.php\/farandole-pour-un-curieux\/"]}]},{"@type":"ImageObject","inLanguage":"fr-FR","@id":"https:\/\/lesjardins.alsace\/index.php\/farandole-pour-un-curieux\/#primaryimage","url":"https:\/\/lesjardins.alsace\/wp-content\/uploads\/2020\/03\/Facebook-e1583348142391.png","contentUrl":"https:\/\/lesjardins.alsace\/wp-content\/uploads\/2020\/03\/Facebook-e1583348142391.png","width":50,"height":50},{"@type":"BreadcrumbList","@id":"https:\/\/lesjardins.alsace\/index.php\/farandole-pour-un-curieux\/#breadcrumb","itemListElement":[{"@type":"ListItem","position":1,"name":"Home","item":"https:\/\/lesjardins.alsace\/"},{"@type":"ListItem","position":2,"name":"Farandole pour un curieux (F)"}]},{"@type":"WebSite","@id":"https:\/\/lesjardins.alsace\/#website","url":"https:\/\/lesjardins.alsace\/","name":"Les jardins d&#039;Alsace","description":"Le plaisir des Jardins","potentialAction":[{"@type":"SearchAction","target":{"@type":"EntryPoint","urlTemplate":"https:\/\/lesjardins.alsace\/?s={search_term_string}"},"query-input":{"@type":"PropertyValueSpecification","valueRequired":true,"valueName":"search_term_string"}}],"inLanguage":"fr-FR"}]}},"jetpack_sharing_enabled":true,"_links":{"self":[{"href":"https:\/\/lesjardins.alsace\/index.php\/wp-json\/wp\/v2\/pages\/37","targetHints":{"allow":["GET"]}}],"collection":[{"href":"https:\/\/lesjardins.alsace\/index.php\/wp-json\/wp\/v2\/pages"}],"about":[{"href":"https:\/\/lesjardins.alsace\/index.php\/wp-json\/wp\/v2\/types\/page"}],"author":[{"embeddable":true,"href":"https:\/\/lesjardins.alsace\/index.php\/wp-json\/wp\/v2\/users\/1"}],"replies":[{"embeddable":true,"href":"https:\/\/lesjardins.alsace\/index.php\/wp-json\/wp\/v2\/comments?post=37"}],"version-history":[{"count":21,"href":"https:\/\/lesjardins.alsace\/index.php\/wp-json\/wp\/v2\/pages\/37\/revisions"}],"predecessor-version":[{"id":182,"href":"https:\/\/lesjardins.alsace\/index.php\/wp-json\/wp\/v2\/pages\/37\/revisions\/182"}],"wp:featuredmedia":[{"embeddable":true,"href":"https:\/\/lesjardins.alsace\/index.php\/wp-json\/wp\/v2\/media\/141"}],"wp:attachment":[{"href":"https:\/\/lesjardins.alsace\/index.php\/wp-json\/wp\/v2\/media?parent=37"}],"curies":[{"name":"wp","href":"https:\/\/api.w.org\/{rel}","templated":true}]}}